{"id":8532,"date":"2024-07-11T01:30:14","date_gmt":"2024-07-11T01:30:14","guid":{"rendered":"https:\/\/magicannula.com\/?post_type=product&#038;p=8532"},"modified":"2025-07-11T16:52:25","modified_gmt":"2025-07-11T16:52:25","slug":"kaniule-magicannula","status":"publish","type":"product","link":"https:\/\/magicannula.com\/en\/product\/kaniule-magicannula\/","title":{"rendered":"Kaniule MagiCannula"},"content":{"rendered":"<div data-elementor-type=\"product-post\" data-elementor-id=\"8532\" class=\"elementor elementor-8532\" data-elementor-post-type=\"product\">\n\t\t\t\t<div class=\"elementor-element elementor-element-b529f9c e-flex e-con-boxed e-con e-parent\" data-id=\"b529f9c\" data-element_type=\"container\" data-e-type=\"container\">\n\t\t\t\t\t<div class=\"e-con-inner\">\n\t\t<div class=\"elementor-element elementor-element-a5f7e77 e-con-full e-flex e-con e-child\" data-id=\"a5f7e77\" data-element_type=\"container\" data-e-type=\"container\">\n\t\t\t\t<div class=\"elementor-element elementor-element-f507511 elementor-widget elementor-widget-image\" data-id=\"f507511\" data-element_type=\"widget\" data-e-type=\"widget\" data-widget_type=\"image.default\">\n\t\t\t\t<div class=\"elementor-widget-container\">\n\t\t\t\t\t\t\t\t\t\t\t\t\t\t\t<img fetchpriority=\"high\" decoding=\"async\" width=\"1024\" height=\"960\" src=\"https:\/\/magicannula.com\/wp-content\/uploads\/2024\/07\/11-1024x960.webp\" class=\"attachment-large size-large wp-image-8506\" alt=\"\" srcset=\"https:\/\/magicannula.com\/wp-content\/uploads\/2024\/07\/11-1024x960.webp 1024w, https:\/\/magicannula.com\/wp-content\/uploads\/2024\/07\/11-300x281.webp 300w, https:\/\/magicannula.com\/wp-content\/uploads\/2024\/07\/11-768x720.webp 768w, https:\/\/magicannula.com\/wp-content\/uploads\/2024\/07\/11-600x562.webp 600w, https:\/\/magicannula.com\/wp-content\/uploads\/2024\/07\/11.webp 1500w\" sizes=\"(max-width: 1024px) 100vw, 1024px\" \/>\t\t\t\t\t\t\t\t\t\t\t\t\t\t\t<\/div>\n\t\t\t\t<\/div>\n\t\t\t\t<\/div>\n\t\t<div class=\"elementor-element elementor-element-ad05717 e-con-full e-flex e-con e-child\" data-id=\"ad05717\" data-element_type=\"container\" data-e-type=\"container\">\n\t\t\t\t<div class=\"elementor-element elementor-element-9d513c0 elementor-widget__width-initial elementor-widget elementor-widget-marra_core_section_title\" data-id=\"9d513c0\" data-element_type=\"widget\" data-e-type=\"widget\" data-widget_type=\"marra_core_section_title.default\">\n\t\t\t\t<div class=\"elementor-widget-container\">\n\t\t\t\t\t<div class=\"qodef-shortcode qodef-m  qodef-section-title qodef-alignment--left\">\n\t\t<div class=\"qodef-m-tagline\" style=\"margin-bottom: -3px\">\n\t\tkaniule magicannula\t<\/div>\n\t<div class=\"qodef-main-content\">\n\t\t\t<h4 class=\"qodef-m-title\" style=\"margin-bottom: 0px\">\n\t\t\t\t\tCechy Produktu\t\t\t<\/h4>\n\t\t\t<\/div>\n<\/div>\t\t\t\t<\/div>\n\t\t\t\t<\/div>\n\t\t\t\t<div class=\"elementor-element elementor-element-8304c3b elementor-icon-list--layout-traditional elementor-list-item-link-full_width elementor-widget elementor-widget-icon-list\" data-id=\"8304c3b\" data-element_type=\"widget\" data-e-type=\"widget\" data-widget_type=\"icon-list.default\">\n\t\t\t\t<div class=\"elementor-widget-container\">\n\t\t\t\t\t\t\t<ul class=\"elementor-icon-list-items\">\n\t\t\t\t\t\t\t<li class=\"elementor-icon-list-item\">\n\t\t\t\t\t\t\t\t\t\t\t<span class=\"elementor-icon-list-icon\">\n\t\t\t\t\t\t\t<svg aria-hidden=\"true\" class=\"e-font-icon-svg e-fas-syringe\" viewbox=\"0 0 512 512\" xmlns=\"http:\/\/www.w3.org\/2000\/svg\"><path d=\"M201.5 174.8l55.7 55.8c3.1 3.1 3.1 8.2 0 11.3l-11.3 11.3c-3.1 3.1-8.2 3.1-11.3 0l-55.7-55.8-45.3 45.3 55.8 55.8c3.1 3.1 3.1 8.2 0 11.3l-11.3 11.3c-3.1 3.1-8.2 3.1-11.3 0L111 265.2l-26.4 26.4c-17.3 17.3-25.6 41.1-23 65.4l7.1 63.6L2.3 487c-3.1 3.1-3.1 8.2 0 11.3l11.3 11.3c3.1 3.1 8.2 3.1 11.3 0l66.3-66.3 63.6 7.1c23.9 2.6 47.9-5.4 65.4-23l181.9-181.9-135.7-135.7-64.9 65zm308.2-93.3L430.5 2.3c-3.1-3.1-8.2-3.1-11.3 0l-11.3 11.3c-3.1 3.1-3.1 8.2 0 11.3l28.3 28.3-45.3 45.3-56.6-56.6-17-17c-3.1-3.1-8.2-3.1-11.3 0l-33.9 33.9c-3.1 3.1-3.1 8.2 0 11.3l17 17L424.8 223l17 17c3.1 3.1 8.2 3.1 11.3 0l33.9-34c3.1-3.1 3.1-8.2 0-11.3l-73.5-73.5 45.3-45.3 28.3 28.3c3.1 3.1 8.2 3.1 11.3 0l11.3-11.3c3.1-3.2 3.1-8.2 0-11.4z\"><\/path><\/svg>\t\t\t\t\t\t<\/span>\n\t\t\t\t\t\t\t\t\t\t<span class=\"elementor-icon-list-text\">szeroki wyb\u00f3r rozmiar\u00f3w \u2013 do wszystkich zastosowa\u0144 na twarz oraz na cia\u0142o (wybierz opcj\u0119 z listy powy\u017cej)<\/span>\n\t\t\t\t\t\t\t\t\t<\/li>\n\t\t\t\t\t\t\t\t<li class=\"elementor-icon-list-item\">\n\t\t\t\t\t\t\t\t\t\t\t<span class=\"elementor-icon-list-icon\">\n\t\t\t\t\t\t\t<svg aria-hidden=\"true\" class=\"e-font-icon-svg e-fas-syringe\" viewbox=\"0 0 512 512\" xmlns=\"http:\/\/www.w3.org\/2000\/svg\"><path d=\"M201.5 174.8l55.7 55.8c3.1 3.1 3.1 8.2 0 11.3l-11.3 11.3c-3.1 3.1-8.2 3.1-11.3 0l-55.7-55.8-45.3 45.3 55.8 55.8c3.1 3.1 3.1 8.2 0 11.3l-11.3 11.3c-3.1 3.1-8.2 3.1-11.3 0L111 265.2l-26.4 26.4c-17.3 17.3-25.6 41.1-23 65.4l7.1 63.6L2.3 487c-3.1 3.1-3.1 8.2 0 11.3l11.3 11.3c3.1 3.1 8.2 3.1 11.3 0l66.3-66.3 63.6 7.1c23.9 2.6 47.9-5.4 65.4-23l181.9-181.9-135.7-135.7-64.9 65zm308.2-93.3L430.5 2.3c-3.1-3.1-8.2-3.1-11.3 0l-11.3 11.3c-3.1 3.1-3.1 8.2 0 11.3l28.3 28.3-45.3 45.3-56.6-56.6-17-17c-3.1-3.1-8.2-3.1-11.3 0l-33.9 33.9c-3.1 3.1-3.1 8.2 0 11.3l17 17L424.8 223l17 17c3.1 3.1 8.2 3.1 11.3 0l33.9-34c3.1-3.1 3.1-8.2 0-11.3l-73.5-73.5 45.3-45.3 28.3 28.3c3.1 3.1 8.2 3.1 11.3 0l11.3-11.3c3.1-3.2 3.1-8.2 0-11.4z\"><\/path><\/svg>\t\t\t\t\t\t<\/span>\n\t\t\t\t\t\t\t\t\t\t<span class=\"elementor-icon-list-text\">wszechstronne zastosowanie \u2013 d\u0142ugo\u015bci oraz \u015brednice dostosowane do wszystkich preparat\u00f3w przeznaczonych do iniekcji dost\u0119pnych na rynku<\/span>\n\t\t\t\t\t\t\t\t\t<\/li>\n\t\t\t\t\t\t\t\t<li class=\"elementor-icon-list-item\">\n\t\t\t\t\t\t\t\t\t\t\t<span class=\"elementor-icon-list-icon\">\n\t\t\t\t\t\t\t<svg aria-hidden=\"true\" class=\"e-font-icon-svg e-fas-syringe\" viewbox=\"0 0 512 512\" xmlns=\"http:\/\/www.w3.org\/2000\/svg\"><path d=\"M201.5 174.8l55.7 55.8c3.1 3.1 3.1 8.2 0 11.3l-11.3 11.3c-3.1 3.1-8.2 3.1-11.3 0l-55.7-55.8-45.3 45.3 55.8 55.8c3.1 3.1 3.1 8.2 0 11.3l-11.3 11.3c-3.1 3.1-8.2 3.1-11.3 0L111 265.2l-26.4 26.4c-17.3 17.3-25.6 41.1-23 65.4l7.1 63.6L2.3 487c-3.1 3.1-3.1 8.2 0 11.3l11.3 11.3c3.1 3.1 8.2 3.1 11.3 0l66.3-66.3 63.6 7.1c23.9 2.6 47.9-5.4 65.4-23l181.9-181.9-135.7-135.7-64.9 65zm308.2-93.3L430.5 2.3c-3.1-3.1-8.2-3.1-11.3 0l-11.3 11.3c-3.1 3.1-3.1 8.2 0 11.3l28.3 28.3-45.3 45.3-56.6-56.6-17-17c-3.1-3.1-8.2-3.1-11.3 0l-33.9 33.9c-3.1 3.1-3.1 8.2 0 11.3l17 17L424.8 223l17 17c3.1 3.1 8.2 3.1 11.3 0l33.9-34c3.1-3.1 3.1-8.2 0-11.3l-73.5-73.5 45.3-45.3 28.3 28.3c3.1 3.1 8.2 3.1 11.3 0l11.3-11.3c3.1-3.2 3.1-8.2 0-11.4z\"><\/path><\/svg>\t\t\t\t\t\t<\/span>\n\t\t\t\t\t\t\t\t\t\t<span class=\"elementor-icon-list-text\">jako\u015b\u0107 i niezawodno\u015b\u0107 \u2013 doskona\u0142a elastyczno\u015b\u0107 i solidno\u015b\u0107 kaniuli ze stali nierdzewnej oraz plastikowej nasadki<\/span>\n\t\t\t\t\t\t\t\t\t<\/li>\n\t\t\t\t\t\t\t\t<li class=\"elementor-icon-list-item\">\n\t\t\t\t\t\t\t\t\t\t\t<span class=\"elementor-icon-list-icon\">\n\t\t\t\t\t\t\t<svg aria-hidden=\"true\" class=\"e-font-icon-svg e-fas-syringe\" viewbox=\"0 0 512 512\" xmlns=\"http:\/\/www.w3.org\/2000\/svg\"><path d=\"M201.5 174.8l55.7 55.8c3.1 3.1 3.1 8.2 0 11.3l-11.3 11.3c-3.1 3.1-8.2 3.1-11.3 0l-55.7-55.8-45.3 45.3 55.8 55.8c3.1 3.1 3.1 8.2 0 11.3l-11.3 11.3c-3.1 3.1-8.2 3.1-11.3 0L111 265.2l-26.4 26.4c-17.3 17.3-25.6 41.1-23 65.4l7.1 63.6L2.3 487c-3.1 3.1-3.1 8.2 0 11.3l11.3 11.3c3.1 3.1 8.2 3.1 11.3 0l66.3-66.3 63.6 7.1c23.9 2.6 47.9-5.4 65.4-23l181.9-181.9-135.7-135.7-64.9 65zm308.2-93.3L430.5 2.3c-3.1-3.1-8.2-3.1-11.3 0l-11.3 11.3c-3.1 3.1-3.1 8.2 0 11.3l28.3 28.3-45.3 45.3-56.6-56.6-17-17c-3.1-3.1-8.2-3.1-11.3 0l-33.9 33.9c-3.1 3.1-3.1 8.2 0 11.3l17 17L424.8 223l17 17c3.1 3.1 8.2 3.1 11.3 0l33.9-34c3.1-3.1 3.1-8.2 0-11.3l-73.5-73.5 45.3-45.3 28.3 28.3c3.1 3.1 8.2 3.1 11.3 0l11.3-11.3c3.1-3.2 3.1-8.2 0-11.4z\"><\/path><\/svg>\t\t\t\t\t\t<\/span>\n\t\t\t\t\t\t\t\t\t\t<span class=\"elementor-icon-list-text\">bezpiecze\u0144stwo i komfort \u2013 minimalizacja ryzyka uszkodze\u0144 tkanek za spraw\u0105 zaokr\u0105glonych ko\u0144c\u00f3wek<\/span>\n\t\t\t\t\t\t\t\t\t<\/li>\n\t\t\t\t\t\t<\/ul>\n\t\t\t\t\t\t<\/div>\n\t\t\t\t<\/div>\n\t\t\t\t<\/div>\n\t\t\t\t\t<\/div>\n\t\t\t\t<\/div>\n\t\t<div class=\"elementor-element elementor-element-bc4a523 e-flex e-con-boxed e-con e-parent\" data-id=\"bc4a523\" data-element_type=\"container\" data-e-type=\"container\">\n\t\t\t\t\t<div class=\"e-con-inner\">\n\t\t\t\t<div class=\"elementor-element elementor-element-52776c4 elementor-widget elementor-widget-qi_addons_for_elementor_image_gallery\" data-id=\"52776c4\" data-element_type=\"widget\" data-e-type=\"widget\" data-widget_type=\"qi_addons_for_elementor_image_gallery.default\">\n\t\t\t\t<div class=\"elementor-widget-container\">\n\t\t\t\t\t<div class=\"qodef-shortcode qodef-m qodef-qi-image-gallery qodef-qi-fslightbox-popup qodef-popup-gallery qodef-image--hover-zoom qodef-qi-grid qodef-layout--qi-columns qodef-col-num--5 qodef-responsive--predefined\">\n\t<div class=\"qodef-grid-inner\">\n\t\t<div class=\"qodef-e qodef-image-wrapper qodef-grid-item\">\n\t<div class=\"qodef-e-inner\">\n\t\t\t\t\t<a class=\"qodef-popup-item\" itemprop=\"image\" href=\"https:\/\/magicannula.com\/wp-content\/uploads\/2024\/07\/kaniule_0004_Background.png\" data-type=\"image\" data-fslightbox=\"gallery-321\">\n\t\t\t\t\t<img decoding=\"async\" width=\"600\" height=\"600\" src=\"https:\/\/magicannula.com\/wp-content\/uploads\/2024\/07\/kaniule_0004_Background.png\" class=\"attachment-full size-full\" alt=\"\" srcset=\"https:\/\/magicannula.com\/wp-content\/uploads\/2024\/07\/kaniule_0004_Background.png 600w, https:\/\/magicannula.com\/wp-content\/uploads\/2024\/07\/kaniule_0004_Background-300x300.png 300w, https:\/\/magicannula.com\/wp-content\/uploads\/2024\/07\/kaniule_0004_Background-150x150.png 150w, https:\/\/magicannula.com\/wp-content\/uploads\/2024\/07\/kaniule_0004_Background-100x100.png 100w\" sizes=\"(max-width: 600px) 100vw, 600px\" \/>\t\t\t\t\t<\/a>\n\t\t\t<\/div>\n<\/div>\n<div class=\"qodef-e qodef-image-wrapper qodef-grid-item\">\n\t<div class=\"qodef-e-inner\">\n\t\t\t\t\t<a class=\"qodef-popup-item\" itemprop=\"image\" href=\"https:\/\/magicannula.com\/wp-content\/uploads\/2024\/07\/kaniule_0003_8.png\" data-type=\"image\" data-fslightbox=\"gallery-321\">\n\t\t\t\t\t<img decoding=\"async\" width=\"600\" height=\"600\" src=\"https:\/\/magicannula.com\/wp-content\/uploads\/2024\/07\/kaniule_0003_8.png\" class=\"attachment-full size-full\" alt=\"\" srcset=\"https:\/\/magicannula.com\/wp-content\/uploads\/2024\/07\/kaniule_0003_8.png 600w, https:\/\/magicannula.com\/wp-content\/uploads\/2024\/07\/kaniule_0003_8-300x300.png 300w, https:\/\/magicannula.com\/wp-content\/uploads\/2024\/07\/kaniule_0003_8-150x150.png 150w, https:\/\/magicannula.com\/wp-content\/uploads\/2024\/07\/kaniule_0003_8-100x100.png 100w\" sizes=\"(max-width: 600px) 100vw, 600px\" \/>\t\t\t\t\t<\/a>\n\t\t\t<\/div>\n<\/div>\n<div class=\"qodef-e qodef-image-wrapper qodef-grid-item\">\n\t<div class=\"qodef-e-inner\">\n\t\t\t\t\t<a class=\"qodef-popup-item\" itemprop=\"image\" href=\"https:\/\/magicannula.com\/wp-content\/uploads\/2024\/07\/kaniule_0002_4.png\" data-type=\"image\" data-fslightbox=\"gallery-321\">\n\t\t\t\t\t<img loading=\"lazy\" decoding=\"async\" width=\"600\" height=\"600\" src=\"https:\/\/magicannula.com\/wp-content\/uploads\/2024\/07\/kaniule_0002_4.png\" class=\"attachment-full size-full\" alt=\"\" srcset=\"https:\/\/magicannula.com\/wp-content\/uploads\/2024\/07\/kaniule_0002_4.png 600w, https:\/\/magicannula.com\/wp-content\/uploads\/2024\/07\/kaniule_0002_4-300x300.png 300w, https:\/\/magicannula.com\/wp-content\/uploads\/2024\/07\/kaniule_0002_4-150x150.png 150w, https:\/\/magicannula.com\/wp-content\/uploads\/2024\/07\/kaniule_0002_4-100x100.png 100w\" sizes=\"(max-width: 600px) 100vw, 600px\" \/>\t\t\t\t\t<\/a>\n\t\t\t<\/div>\n<\/div>\n<div class=\"qodef-e qodef-image-wrapper qodef-grid-item\">\n\t<div class=\"qodef-e-inner\">\n\t\t\t\t\t<a class=\"qodef-popup-item\" itemprop=\"image\" href=\"https:\/\/magicannula.com\/wp-content\/uploads\/2024\/07\/kaniule_0001_1.png\" data-type=\"image\" data-fslightbox=\"gallery-321\">\n\t\t\t\t\t<img loading=\"lazy\" decoding=\"async\" width=\"600\" height=\"600\" src=\"https:\/\/magicannula.com\/wp-content\/uploads\/2024\/07\/kaniule_0001_1.png\" class=\"attachment-full size-full\" alt=\"\" srcset=\"https:\/\/magicannula.com\/wp-content\/uploads\/2024\/07\/kaniule_0001_1.png 600w, https:\/\/magicannula.com\/wp-content\/uploads\/2024\/07\/kaniule_0001_1-300x300.png 300w, https:\/\/magicannula.com\/wp-content\/uploads\/2024\/07\/kaniule_0001_1-150x150.png 150w, https:\/\/magicannula.com\/wp-content\/uploads\/2024\/07\/kaniule_0001_1-100x100.png 100w\" sizes=\"(max-width: 600px) 100vw, 600px\" \/>\t\t\t\t\t<\/a>\n\t\t\t<\/div>\n<\/div>\n<div class=\"qodef-e qodef-image-wrapper qodef-grid-item\">\n\t<div class=\"qodef-e-inner\">\n\t\t\t\t\t<a class=\"qodef-popup-item\" itemprop=\"image\" href=\"https:\/\/magicannula.com\/wp-content\/uploads\/2024\/07\/kaniule_0000_6.png\" data-type=\"image\" data-fslightbox=\"gallery-321\">\n\t\t\t\t\t<img loading=\"lazy\" decoding=\"async\" width=\"600\" height=\"600\" src=\"https:\/\/magicannula.com\/wp-content\/uploads\/2024\/07\/kaniule_0000_6.png\" class=\"attachment-full size-full\" alt=\"\" srcset=\"https:\/\/magicannula.com\/wp-content\/uploads\/2024\/07\/kaniule_0000_6.png 600w, https:\/\/magicannula.com\/wp-content\/uploads\/2024\/07\/kaniule_0000_6-300x300.png 300w, https:\/\/magicannula.com\/wp-content\/uploads\/2024\/07\/kaniule_0000_6-150x150.png 150w, https:\/\/magicannula.com\/wp-content\/uploads\/2024\/07\/kaniule_0000_6-100x100.png 100w\" sizes=\"(max-width: 600px) 100vw, 600px\" \/>\t\t\t\t\t<\/a>\n\t\t\t<\/div>\n<\/div>\n\t<\/div>\n<\/div>\n\t\t\t\t<\/div>\n\t\t\t\t<\/div>\n\t\t\t\t\t<\/div>\n\t\t\t\t<\/div>\n\t\t\t\t<\/div>","protected":false},"excerpt":{"rendered":"<p><strong>S\u0105 idealnym wyborem zar\u00f3wno dla pocz\u0105tkuj\u0105cych, jak i dla do\u015bwiadczonych profesjonalist\u00f3w.<\/strong><\/p>\n<p>Kaniule MagiCannula s\u0105 sterylnymi wyrobami medycznymi, jednorazowego u\u017cytku.<\/p>\n<p>Do ka\u017cdej kaniuli do\u0142\u0105czona jest \u201epilot\u201d w odpowiednim rozmiarze (ostra ig\u0142a do nak\u0142ucia wej\u015bcia dla kaniuli)<\/p>","protected":false},"featured_media":7826,"template":"","meta":[],"product_brand":[],"product_cat":[119],"product_tag":[],"class_list":{"0":"post-8532","1":"product","2":"type-product","3":"status-publish","4":"has-post-thumbnail","6":"product_cat-kaniule-medyczne-magicannula","8":"first","9":"instock","10":"taxable","11":"shipping-taxable","12":"purchasable","13":"product-type-variable","14":"has-default-attributes"},"_links":{"self":[{"href":"https:\/\/magicannula.com\/en\/wp-json\/wp\/v2\/product\/8532","targetHints":{"allow":["GET"]}}],"collection":[{"href":"https:\/\/magicannula.com\/en\/wp-json\/wp\/v2\/product"}],"about":[{"href":"https:\/\/magicannula.com\/en\/wp-json\/wp\/v2\/types\/product"}],"version-history":[{"count":0,"href":"https:\/\/magicannula.com\/en\/wp-json\/wp\/v2\/product\/8532\/revisions"}],"wp:featuredmedia":[{"embeddable":true,"href":"https:\/\/magicannula.com\/en\/wp-json\/wp\/v2\/media\/7826"}],"wp:attachment":[{"href":"https:\/\/magicannula.com\/en\/wp-json\/wp\/v2\/media?parent=8532"}],"wp:term":[{"taxonomy":"product_brand","embeddable":true,"href":"https:\/\/magicannula.com\/en\/wp-json\/wp\/v2\/product_brand?post=8532"},{"taxonomy":"product_cat","embeddable":true,"href":"https:\/\/magicannula.com\/en\/wp-json\/wp\/v2\/product_cat?post=8532"},{"taxonomy":"product_tag","embeddable":true,"href":"https:\/\/magicannula.com\/en\/wp-json\/wp\/v2\/product_tag?post=8532"}],"curies":[{"name":"wp","href":"https:\/\/api.w.org\/{rel}","templated":true}]}}